{"id":34,"date":"2025-10-13T14:19:03","date_gmt":"2025-10-13T14:19:03","guid":{"rendered":"https:\/\/web31251247.lab1.almamater.si\/?page_id=34"},"modified":"2025-10-13T15:20:04","modified_gmt":"2025-10-13T15:20:04","slug":"contact","status":"publish","type":"page","link":"https:\/\/web31251247.lab1.almamater.si\/?page_id=34","title":{"rendered":"O NAS"},"content":{"rendered":"<p data-start=\"166\" data-end=\"507\">Dobrodo\u0161li na mojem koti\u010dku, kjer hrana ni le potreba, ampak ljubezen, skrb in na\u010din \u017eivljenja. Moje ime je Ne\u017ea in kot \u0161portnica vem, kako pomembno je, da je telo zdravo, mo\u010dno in polno energije. Hkrati se soo\u010dam s prehranskimi omejitvami \u2013 laktoza in gluten sta del mojega vsakdana in izziva, ki ju moram upo\u0161tevati pri vsakem gri\u017eljaju.<\/p>\n<p data-start=\"509\" data-end=\"842\">Ta spletni prostor je nastal iz \u017eelje, da poka\u017eem, da posebne prehranske potrebe niso ovira za okusno, polno in raznoliko prehrano. Vsak recept, ki ga delim, je preizku\u0161en, premi\u0161ljen in ustvarjen z ljubeznijo do telesa. Tukaj ne boste na\u0161li kompromisov \u2013 hrana je vedno polna okusa, hranilna, a hkrati ne\u017ena in prijazna do telesa.<\/p>\n<p data-start=\"844\" data-end=\"1128\">Moja filozofija temelji na preprostosti in iskrenosti. Hrana naj ne bo vir skrbi ali stresa, ampak vir energije, veselja in dobrega po\u010dutja. Tu vsak gri\u017eljaj \u0161teje \u2013 je objem telesu, pozornost, ki jo namenim sebi in vam, ki me spremljate, in trenutek, ki ga telo za\u010duti kot nagrado.<\/p>\n<p data-start=\"1130\" data-end=\"1446\">Poleg tega je hrana tudi izraz osebne svobode. Z izbiro sestavin, ki ne \u0161kodujejo in podpirajo zdravje, gradimo telo, ki nas poslu\u0161a, in du\u0161o, ki u\u017eiva. Vsi recepti so torej rezultat preizku\u0161enih kombinacij, ki spo\u0161tujejo naravo, telo in notranji ritem, hkrati pa vas navdu\u0161ujejo s polnostjo okusa in kreativnosti.<\/p>\n<p data-start=\"1448\" data-end=\"1649\">Tukaj ni le kuhanja. Tukaj je skrb, navdih, energija in ljubezen do telesa. Vsak recept je del moje zgodbe, ki jo delim z vami, da tudi vi lahko u\u017eivate v hrani brez skrbi, polni energije in radosti.<\/p>\n\n\n<div class=\"wp-block-query is-layout-flow wp-block-query-is-layout-flow\">\n<div class=\"wp-block-group alignfull has-global-padding is-layout-constrained wp-container-core-group-is-layout-25474d00 wp-block-group-is-layout-constrained\" style=\"margin-top:0;margin-bottom:0;padding-top:var(--wp--preset--spacing--superbspacing-large);padding-right:var(--wp--preset--spacing--superbspacing-small);padding-bottom:var(--wp--preset--spacing--superbspacing-large);padding-left:var(--wp--preset--spacing--superbspacing-small)\">\n<div class=\"wp-block-group alignwide has-global-padding is-layout-constrained wp-container-core-group-is-layout-58b2f4d9 wp-block-group-is-layout-constrained\">\n<h3 class=\"wp-block-heading has-text-align-center has-featured-color has-text-color has-superbfont-small-font-size\">VA\u0160A<\/h3>\n\n\n\n<h2 class=\"wp-block-heading has-text-align-center has-contrast-color has-text-color has-superbfont-xlarge-font-size\">MNENJA<\/h2>\n<\/div>\n\n\n\n<div class=\"wp-block-columns is-layout-flex wp-container-core-columns-is-layout-28f84493 wp-block-columns-is-layout-flex\">\n<div class=\"wp-block-column has-border-color has-mono-3-border-color is-layout-flow wp-block-column-is-layout-flow\" style=\"border-width:1px;padding-top:var(--wp--preset--spacing--superbspacing-small);padding-right:var(--wp--preset--spacing--superbspacing-small);padding-bottom:var(--wp--preset--spacing--superbspacing-small);padding-left:var(--wp--preset--spacing--superbspacing-small)\">\n<p class=\"has-text-align-left has-mono-2-color has-text-color has-link-color has-superbfont-xsmall-font-size wp-elements-01a89d55195dd83541f6a4381354bc30\"><em>Nikoli si nisem mislila, da lahko hrana brez laktoze in glutena okusi tako dobro! Recepti so preprosti, a polni ljubezni in okusa. Moje telo se po\u010duti odli\u010dno, hkrati pa u\u017eivam v vsakem gri\u017eljaju.&#8221;<\/em> \u2013 Maja, 28<br><\/p>\n\n\n\n<div class=\"wp-block-group is-content-justification-left is-nowrap is-layout-flex wp-container-core-group-is-layout-aa3b437a wp-block-group-is-layout-flex\">\n<figure class=\"wp-block-image aligncenter size-large is-resized has-custom-border\"><img decoding=\"async\" src=\"https:\/\/web31251247.lab1.almamater.si\/wp-content\/themes\/the-food-reviewer\/assets\/images\/testimonial\/testionial-1-1.png\" alt=\"\" style=\"border-radius:50%;width:48px;height:48px\"\/><\/figure>\n\n\n\n<div class=\"wp-block-group is-vertical is-content-justification-left is-layout-flex wp-container-core-group-is-layout-2290e706 wp-block-group-is-layout-flex\">\n<h2 class=\"wp-block-heading has-text-align-left has-contrast-color has-text-color has-alegreya-font-family has-superbfont-small-font-size\">Pauline Gilbert<\/h2>\n\n\n\n<figure class=\"wp-block-image aligncenter size-full is-resized\"><img decoding=\"async\" src=\"https:\/\/web31251247.lab1.almamater.si\/wp-content\/themes\/the-food-reviewer\/assets\/images\/testimonial\/testionial-1-stars.png\" alt=\"\" class=\"wp-image-2035\" style=\"object-fit:contain;width:95px;height:16px\"\/><\/figure>\n<\/div>\n<\/div>\n<\/div>\n\n\n\n<div class=\"wp-block-column has-border-color has-mono-3-border-color is-layout-flow wp-block-column-is-layout-flow\" style=\"border-width:1px;padding-top:var(--wp--preset--spacing--superbspacing-small);padding-right:var(--wp--preset--spacing--superbspacing-small);padding-bottom:var(--wp--preset--spacing--superbspacing-small);padding-left:var(--wp--preset--spacing--superbspacing-small)\">\n<p class=\"has-text-align-left has-mono-2-color has-text-color has-link-color has-superbfont-xsmall-font-size wp-elements-3b3b0992e143537ce2c5533450364902\"><em>&#8220;Kot \u0161portnica sem vedno iskala jedi, ki mi dajejo energijo, a ne obremenjujejo telesa. Tukaj sem na\u0161la vse to in \u0161e ve\u010d. Hvala za skrbno pripravljene recepte!&#8221;<\/em> \u2013 Lara, 32<br><\/p>\n\n\n\n<div class=\"wp-block-group is-content-justification-left is-nowrap is-layout-flex wp-container-core-group-is-layout-aa3b437a wp-block-group-is-layout-flex\">\n<figure class=\"wp-block-image aligncenter size-large is-resized has-custom-border\"><img decoding=\"async\" src=\"https:\/\/web31251247.lab1.almamater.si\/wp-content\/themes\/the-food-reviewer\/assets\/images\/testimonial\/testionial-1-1.png\" alt=\"\" style=\"border-radius:50%;width:48px;height:48px\"\/><\/figure>\n\n\n\n<div class=\"wp-block-group is-vertical is-content-justification-left is-layout-flex wp-container-core-group-is-layout-2290e706 wp-block-group-is-layout-flex\">\n<h2 class=\"wp-block-heading has-text-align-left has-contrast-color has-text-color has-alegreya-font-family has-superbfont-small-font-size\">Pauline Gilbert<\/h2>\n\n\n\n<figure class=\"wp-block-image aligncenter size-full is-resized\"><img decoding=\"async\" src=\"https:\/\/web31251247.lab1.almamater.si\/wp-content\/themes\/the-food-reviewer\/assets\/images\/testimonial\/testionial-1-stars.png\" alt=\"\" class=\"wp-image-2035\" style=\"object-fit:contain;width:95px;height:16px\"\/><\/figure>\n<\/div>\n<\/div>\n<\/div>\n\n\n\n<div class=\"wp-block-column has-border-color has-mono-3-border-color is-layout-flow wp-block-column-is-layout-flow\" style=\"border-width:1px;padding-top:var(--wp--preset--spacing--superbspacing-small);padding-right:var(--wp--preset--spacing--superbspacing-small);padding-bottom:var(--wp--preset--spacing--superbspacing-small);padding-left:var(--wp--preset--spacing--superbspacing-small)\">\n<p class=\"has-text-align-left has-mono-2-color has-text-color has-link-color has-superbfont-xsmall-font-size wp-elements-45791fdc3eb8b076fefdf0b38a6a6e13\"><em>&#8220;Obo\u017eujem, kako so recepti ustvarjeni z mislijo na telo in zdravje. Ni\u010d ve\u010d skrbi, ni\u010d ve\u010d te\u017eav s prebavo, samo u\u017eitek in okus.&#8221;<\/em> \u2013 Ana, 35<br><\/p>\n\n\n\n<div class=\"wp-block-group is-content-justification-left is-nowrap is-layout-flex wp-container-core-group-is-layout-aa3b437a wp-block-group-is-layout-flex\">\n<figure class=\"wp-block-image aligncenter size-large is-resized has-custom-border\"><img decoding=\"async\" src=\"https:\/\/web31251247.lab1.almamater.si\/wp-content\/themes\/the-food-reviewer\/assets\/images\/testimonial\/testionial-1-1.png\" alt=\"\" style=\"border-radius:50%;width:48px;height:48px\"\/><\/figure>\n\n\n\n<div class=\"wp-block-group is-vertical is-content-justification-left is-layout-flex wp-container-core-group-is-layout-2290e706 wp-block-group-is-layout-flex\">\n<h2 class=\"wp-block-heading has-text-align-left has-contrast-color has-text-color has-alegreya-font-family has-superbfont-small-font-size\">Pauline Gilbert<\/h2>\n\n\n\n<figure class=\"wp-block-image aligncenter size-full is-resized\"><img decoding=\"async\" src=\"https:\/\/web31251247.lab1.almamater.si\/wp-content\/themes\/the-food-reviewer\/assets\/images\/testimonial\/testionial-1-stars.png\" alt=\"\" class=\"wp-image-2035\" style=\"object-fit:contain;width:95px;height:16px\"\/><\/figure>\n<\/div>\n<\/div>\n<\/div>\n<\/div>\n\n\n\n<div class=\"wp-block-columns is-layout-flex wp-container-core-columns-is-layout-a236a144 wp-block-columns-is-layout-flex\" style=\"margin-top:var(--wp--preset--spacing--superbspacing-xsmall);margin-bottom:var(--wp--preset--spacing--superbspacing-xsmall)\">\n<div class=\"wp-block-column has-border-color has-mono-3-border-color is-layout-flow wp-block-column-is-layout-flow\" style=\"border-width:1px;padding-top:var(--wp--preset--spacing--superbspacing-small);padding-right:var(--wp--preset--spacing--superbspacing-small);padding-bottom:var(--wp--preset--spacing--superbspacing-small);padding-left:var(--wp--preset--spacing--superbspacing-small)\">\n<p class=\"has-text-align-left has-mono-2-color has-text-color has-link-color has-superbfont-xsmall-font-size wp-elements-056a9c557e60e1d1c94b9b361abd0ea6\"><em>&#8220;Najbolj\u0161i del? Telo se po\u010duti lahkotno, srce pa zadovoljno. Resni\u010dno \u010dutim ljubezen in pozornost v vsakem receptu.&#8221;<\/em> \u2013 Tanja, 30<\/p>\n\n\n\n<div class=\"wp-block-group is-content-justification-left is-nowrap is-layout-flex wp-container-core-group-is-layout-aa3b437a wp-block-group-is-layout-flex\">\n<figure class=\"wp-block-image aligncenter size-large is-resized has-custom-border\"><img decoding=\"async\" src=\"https:\/\/web31251247.lab1.almamater.si\/wp-content\/themes\/the-food-reviewer\/assets\/images\/testimonial\/testionial-1-1.png\" alt=\"\" style=\"border-radius:50%;width:48px;height:48px\"\/><\/figure>\n\n\n\n<div class=\"wp-block-group is-vertical is-content-justification-left is-layout-flex wp-container-core-group-is-layout-2290e706 wp-block-group-is-layout-flex\">\n<h2 class=\"wp-block-heading has-text-align-left has-contrast-color has-text-color has-alegreya-font-family has-superbfont-small-font-size\">Pauline Gilbert<\/h2>\n\n\n\n<figure class=\"wp-block-image aligncenter size-full is-resized\"><img decoding=\"async\" src=\"https:\/\/web31251247.lab1.almamater.si\/wp-content\/themes\/the-food-reviewer\/assets\/images\/testimonial\/testionial-1-stars.png\" alt=\"\" class=\"wp-image-2035\" style=\"object-fit:contain;width:95px;height:16px\"\/><\/figure>\n<\/div>\n<\/div>\n<\/div>\n\n\n\n<div class=\"wp-block-column has-border-color has-mono-3-border-color is-layout-flow wp-block-column-is-layout-flow\" style=\"border-width:1px;padding-top:var(--wp--preset--spacing--superbspacing-small);padding-right:var(--wp--preset--spacing--superbspacing-small);padding-bottom:var(--wp--preset--spacing--superbspacing-small);padding-left:var(--wp--preset--spacing--superbspacing-small)\">\n<p class=\"has-text-align-left has-mono-2-color has-text-color has-link-color has-superbfont-xsmall-font-size wp-elements-7d0908ec6d9e5c477cb5203cb99f69a7\"><em>&#8220;Recepti so enostavni, okusni in kreativni. Hkrati pa vem, da moje telo prejme samo tisto, kar mu koristi. Prava inspiracija za vsak dan!&#8221;<\/em> \u2013 Nina, 26<\/p>\n\n\n\n<div class=\"wp-block-group is-content-justification-left is-nowrap is-layout-flex wp-container-core-group-is-layout-aa3b437a wp-block-group-is-layout-flex\">\n<figure class=\"wp-block-image aligncenter size-large is-resized has-custom-border\"><img decoding=\"async\" src=\"https:\/\/web31251247.lab1.almamater.si\/wp-content\/themes\/the-food-reviewer\/assets\/images\/testimonial\/testionial-1-1.png\" alt=\"\" style=\"border-radius:50%;width:48px;height:48px\"\/><\/figure>\n\n\n\n<div class=\"wp-block-group is-vertical is-content-justification-left is-layout-flex wp-container-core-group-is-layout-2290e706 wp-block-group-is-layout-flex\">\n<h2 class=\"wp-block-heading has-text-align-left has-contrast-color has-text-color has-alegreya-font-family has-superbfont-small-font-size\">Pauline Gilbert<\/h2>\n\n\n\n<figure class=\"wp-block-image aligncenter size-full is-resized\"><img decoding=\"async\" src=\"https:\/\/web31251247.lab1.almamater.si\/wp-content\/themes\/the-food-reviewer\/assets\/images\/testimonial\/testionial-1-stars.png\" alt=\"\" class=\"wp-image-2035\" style=\"object-fit:contain;width:95px;height:16px\"\/><\/figure>\n<\/div>\n<\/div>\n<\/div>\n\n\n\n<div class=\"wp-block-column has-border-color has-mono-3-border-color is-layout-flow wp-block-column-is-layout-flow\" style=\"border-width:1px;padding-top:var(--wp--preset--spacing--superbspacing-small);padding-right:var(--wp--preset--spacing--superbspacing-small);padding-bottom:var(--wp--preset--spacing--superbspacing-small);padding-left:var(--wp--preset--spacing--superbspacing-small)\">\n<p class=\"has-text-align-left has-mono-2-color has-text-color has-link-color has-superbfont-xsmall-font-size wp-elements-abdbf2934fafbaa4585282d484e0572c\"><em>&#8220;Nikoli si nisem mislila, da lahko hrana brez laktoze in glutena prinese toliko veselja. Vsak gri\u017eljaj je poln okusa, telo pa se po\u010duti lahkotno in polno energije. Resni\u010dno navdihujo\u010de!&#8221;<\/em> \u2013 Eva, 29<\/p>\n\n\n\n<div class=\"wp-block-group is-content-justification-left is-nowrap is-layout-flex wp-container-core-group-is-layout-aa3b437a wp-block-group-is-layout-flex\">\n<figure class=\"wp-block-image aligncenter size-large is-resized has-custom-border\"><img decoding=\"async\" src=\"https:\/\/web31251247.lab1.almamater.si\/wp-content\/themes\/the-food-reviewer\/assets\/images\/testimonial\/testionial-1-1.png\" alt=\"\" style=\"border-radius:50%;width:48px;height:48px\"\/><\/figure>\n\n\n\n<div class=\"wp-block-group is-vertical is-content-justification-left is-layout-flex wp-container-core-group-is-layout-2290e706 wp-block-group-is-layout-flex\">\n<h2 class=\"wp-block-heading has-text-align-left has-contrast-color has-text-color has-alegreya-font-family has-superbfont-small-font-size\">Pauline Gilbert<\/h2>\n\n\n\n<figure class=\"wp-block-image aligncenter size-full is-resized\"><img decoding=\"async\" src=\"https:\/\/web31251247.lab1.almamater.si\/wp-content\/themes\/the-food-reviewer\/assets\/images\/testimonial\/testionial-1-stars.png\" alt=\"\" class=\"wp-image-2035\" style=\"object-fit:contain;width:95px;height:16px\"\/><\/figure>\n<\/div>\n<\/div>\n<\/div>\n<\/div>\n<\/div>\n<\/div>\n\n\n\n<p><\/p>\n","protected":false},"excerpt":{"rendered":"<p>Dobrodo\u0161li na mojem koti\u010dku, kjer hrana ni le potreba, ampak ljubezen, skrb in na\u010din \u017eivljenja. Moje ime je Ne\u017ea in kot \u0161portnica vem, kako pomembno je, da je telo zdravo, mo\u010dno in polno energije. Hkrati se soo\u010dam s prehranskimi omejitvami \u2013 laktoza in gluten sta del mojega vsakdana in izziva, ki ju moram upo\u0161tevati pri [&hellip;]<\/p>\n","protected":false},"author":1,"featured_media":0,"parent":0,"menu_order":0,"comment_status":"closed","ping_status":"closed","template":"","meta":{"footnotes":""},"class_list":["post-34","page","type-page","status-publish","hentry"],"_links":{"self":[{"href":"https:\/\/web31251247.lab1.almamater.si\/index.php?rest_route=\/wp\/v2\/pages\/34","targetHints":{"allow":["GET"]}}],"collection":[{"href":"https:\/\/web31251247.lab1.almamater.si\/index.php?rest_route=\/wp\/v2\/pages"}],"about":[{"href":"https:\/\/web31251247.lab1.almamater.si\/index.php?rest_route=\/wp\/v2\/types\/page"}],"author":[{"embeddable":true,"href":"https:\/\/web31251247.lab1.almamater.si\/index.php?rest_route=\/wp\/v2\/users\/1"}],"replies":[{"embeddable":true,"href":"https:\/\/web31251247.lab1.almamater.si\/index.php?rest_route=%2Fwp%2Fv2%2Fcomments&post=34"}],"version-history":[{"count":3,"href":"https:\/\/web31251247.lab1.almamater.si\/index.php?rest_route=\/wp\/v2\/pages\/34\/revisions"}],"predecessor-version":[{"id":111,"href":"https:\/\/web31251247.lab1.almamater.si\/index.php?rest_route=\/wp\/v2\/pages\/34\/revisions\/111"}],"wp:attachment":[{"href":"https:\/\/web31251247.lab1.almamater.si\/index.php?rest_route=%2Fwp%2Fv2%2Fmedia&parent=34"}],"curies":[{"name":"wp","href":"https:\/\/api.w.org\/{rel}","templated":true}]}}