{"id":33,"date":"2025-10-13T14:19:03","date_gmt":"2025-10-13T14:19:03","guid":{"rendered":"https:\/\/web31251247.lab1.almamater.si\/?page_id=33"},"modified":"2025-10-13T15:59:22","modified_gmt":"2025-10-13T15:59:22","slug":"blog","status":"publish","type":"page","link":"https:\/\/web31251247.lab1.almamater.si\/?page_id=33","title":{"rendered":"RECEPTI"},"content":{"rendered":"\n<div class=\"wp-block-query is-layout-flow wp-block-query-is-layout-flow\"><ul class=\"wp-block-post-template is-layout-flow wp-block-post-template-is-layout-flow\"><li class=\"wp-block-post post-64 post type-post status-publish format-standard has-post-thumbnail hentry category-vegetable tag-zelenjava\">\n\n<div class=\"wp-block-columns alignwide is-layout-flex wp-container-core-columns-is-layout-28f84493 wp-block-columns-is-layout-flex\">\n<div class=\"wp-block-column is-layout-flow wp-block-column-is-layout-flow\" style=\"flex-basis:66.66%\"><figure class=\"wp-block-post-featured-image\"><a href=\"https:\/\/web31251247.lab1.almamater.si\/?p=64\" target=\"_self\"  ><img loading=\"lazy\" decoding=\"async\" width=\"295\" height=\"181\" src=\"https:\/\/web31251247.lab1.almamater.si\/wp-content\/uploads\/2025\/10\/vegetable5.png\" class=\"attachment-post-thumbnail size-post-thumbnail wp-post-image\" alt=\"Sve\u017ea tunina solata z paradi\u017eniki in ore\u0161\u010dki\" style=\"object-fit:cover;\" \/><\/a><\/figure><\/div>\n\n\n\n<div class=\"wp-block-column is-layout-flow wp-block-column-is-layout-flow\" style=\"flex-basis:33.33%\"><h2 class=\"wp-block-post-title\"><a href=\"https:\/\/web31251247.lab1.almamater.si\/?p=64\" target=\"_self\" >Sve\u017ea tunina solata z paradi\u017eniki in ore\u0161\u010dki<\/a><\/h2>\n\n\n<details class=\"wp-block-details is-layout-flow wp-block-details-is-layout-flow\"><summary>recept<\/summary><div class=\"wp-block-post-excerpt\"><p class=\"wp-block-post-excerpt__excerpt\">Priprava: Zme\u0161aj in postrezi:Vse skupaj prelij s prelivom, posuj z ore\u0161\u010dki in po \u017eelji dodaj nekaj rezin avokada ali trdo kuhanega jajca. Pripravi osnovo:Paradi\u017enik nare\u017ei na ko\u0161\u010dke ali polovice (\u010de\u0161njevce), dodaj narezano rde\u010do \u010debulo in rukolo. Dodaj tuno:Tunino ne\u017eno razdrobi z vilico in jo dodaj na solato. \u010ce je v olju, uporabi malo tega olja&hellip; <\/p><\/div><\/details>\n<\/div>\n<\/div>\n\n<\/li><li class=\"wp-block-post post-62 post type-post status-publish format-standard has-post-thumbnail hentry category-vegetable tag-vegetable\">\n\n<div class=\"wp-block-columns alignwide is-layout-flex wp-container-core-columns-is-layout-28f84493 wp-block-columns-is-layout-flex\">\n<div class=\"wp-block-column is-layout-flow wp-block-column-is-layout-flow\" style=\"flex-basis:66.66%\"><figure class=\"wp-block-post-featured-image\"><a href=\"https:\/\/web31251247.lab1.almamater.si\/?p=62\" target=\"_self\"  ><img loading=\"lazy\" decoding=\"async\" width=\"295\" height=\"222\" src=\"https:\/\/web31251247.lab1.almamater.si\/wp-content\/uploads\/2025\/10\/vegetable4.png\" class=\"attachment-post-thumbnail size-post-thumbnail wp-post-image\" alt=\"\u0160pageti z mletim mesom\" style=\"object-fit:cover;\" \/><\/a><\/figure><\/div>\n\n\n\n<div class=\"wp-block-column is-layout-flow wp-block-column-is-layout-flow\" style=\"flex-basis:33.33%\"><h2 class=\"wp-block-post-title\"><a href=\"https:\/\/web31251247.lab1.almamater.si\/?p=62\" target=\"_self\" >\u0160pageti z mletim mesom<\/a><\/h2>\n\n\n<details class=\"wp-block-details is-layout-flow wp-block-details-is-layout-flow\"><summary>recept<\/summary><div class=\"wp-block-post-excerpt\"><p class=\"wp-block-post-excerpt__excerpt\"> <\/p><\/div><\/details>\n<\/div>\n<\/div>\n\n<\/li><li class=\"wp-block-post post-60 post type-post status-publish format-standard has-post-thumbnail hentry category-vegetable tag-vegetable\">\n\n<div class=\"wp-block-columns alignwide is-layout-flex wp-container-core-columns-is-layout-28f84493 wp-block-columns-is-layout-flex\">\n<div class=\"wp-block-column is-layout-flow wp-block-column-is-layout-flow\" style=\"flex-basis:66.66%\"><figure class=\"wp-block-post-featured-image\"><a href=\"https:\/\/web31251247.lab1.almamater.si\/?p=60\" target=\"_self\"  ><img loading=\"lazy\" decoding=\"async\" width=\"295\" height=\"222\" src=\"https:\/\/web31251247.lab1.almamater.si\/wp-content\/uploads\/2025\/10\/vegetable3.png\" class=\"attachment-post-thumbnail size-post-thumbnail wp-post-image\" alt=\"Poletna solata z doma\u010dim kruhom brez glutena in laktoze\" style=\"object-fit:cover;\" \/><\/a><\/figure><\/div>\n\n\n\n<div class=\"wp-block-column is-layout-flow wp-block-column-is-layout-flow\" style=\"flex-basis:33.33%\"><h2 class=\"wp-block-post-title\"><a href=\"https:\/\/web31251247.lab1.almamater.si\/?p=60\" target=\"_self\" >Poletna solata z doma\u010dim kruhom brez glutena in laktoze<\/a><\/h2>\n\n\n<details class=\"wp-block-details is-layout-flow wp-block-details-is-layout-flow\"><summary>recept<\/summary><div class=\"wp-block-post-excerpt\"><p class=\"wp-block-post-excerpt__excerpt\">Sestavine za solato: 1 skodelica \u010de\u0161njevih paradi\u017enikov 1 kumara 1\/2 rde\u010de \u010debule 1\/2 avokada (po \u017eelji lahko izpusti\u0161) pest rukole ali me\u0161ane solate 2 \u017elici olivnega olja 1 \u017eli\u010dka limoninega soka sol in poper po okusu nekaj listov sve\u017ee bazilike Sestavine za doma\u010di kruh brez glutena in laktoze: 250 g brezglutenske moke (npr. ri\u017eeva ali&hellip; <\/p><\/div><\/details>\n<\/div>\n<\/div>\n\n<\/li><\/ul><\/div>\n\n\n\n<p><\/p>\n","protected":false},"excerpt":{"rendered":"","protected":false},"author":1,"featured_media":0,"parent":0,"menu_order":0,"comment_status":"closed","ping_status":"closed","template":"","meta":{"footnotes":""},"class_list":["post-33","page","type-page","status-publish","hentry"],"_links":{"self":[{"href":"https:\/\/web31251247.lab1.almamater.si\/index.php?rest_route=\/wp\/v2\/pages\/33","targetHints":{"allow":["GET"]}}],"collection":[{"href":"https:\/\/web31251247.lab1.almamater.si\/index.php?rest_route=\/wp\/v2\/pages"}],"about":[{"href":"https:\/\/web31251247.lab1.almamater.si\/index.php?rest_route=\/wp\/v2\/types\/page"}],"author":[{"embeddable":true,"href":"https:\/\/web31251247.lab1.almamater.si\/index.php?rest_route=\/wp\/v2\/users\/1"}],"replies":[{"embeddable":true,"href":"https:\/\/web31251247.lab1.almamater.si\/index.php?rest_route=%2Fwp%2Fv2%2Fcomments&post=33"}],"version-history":[{"count":5,"href":"https:\/\/web31251247.lab1.almamater.si\/index.php?rest_route=\/wp\/v2\/pages\/33\/revisions"}],"predecessor-version":[{"id":144,"href":"https:\/\/web31251247.lab1.almamater.si\/index.php?rest_route=\/wp\/v2\/pages\/33\/revisions\/144"}],"wp:attachment":[{"href":"https:\/\/web31251247.lab1.almamater.si\/index.php?rest_route=%2Fwp%2Fv2%2Fmedia&parent=33"}],"curies":[{"name":"wp","href":"https:\/\/api.w.org\/{rel}","templated":true}]}}