{"id":160,"date":"2025-10-16T14:34:29","date_gmt":"2025-10-16T14:34:29","guid":{"rendered":"https:\/\/web31251247.lab1.almamater.si\/?page_id=160"},"modified":"2025-11-07T18:36:35","modified_gmt":"2025-11-07T18:36:35","slug":"mnenja","status":"publish","type":"page","link":"https:\/\/web31251247.lab1.almamater.si\/?page_id=160","title":{"rendered":"MNENJA"},"content":{"rendered":"\n<p><strong>1. Maja, 29 let:<\/strong><br>\u00bbKon\u010dno blog, kjer so recepti brez glutena in laktoze, pa \u0161e res okusni! V\u0161e\u010d mi je, da so sestavine preproste in zdrave. Po teh obrokih se po\u010dutim lahkotno in polno energije.\u00ab<\/p>\n\n\n\n<hr class=\"wp-block-separator has-alpha-channel-opacity\"\/>\n\n\n\n<p><strong>2. Tanja, 35 let:<\/strong><br>\u00bb\u017de dolgo i\u0161\u010dem ideje za zdrave obroke, ki ne vsebujejo mle\u010dnih izdelkov. Na tem blogu sem na\u0161la popolne recepte \u2013 od zajtrkov do sladic. Vse je naravno, brez umetnih dodatkov in zelo hranilno.\u00ab<\/p>\n\n\n\n<hr class=\"wp-block-separator has-alpha-channel-opacity\"\/>\n\n\n\n<p><strong>3. Luka, 24 let:<\/strong><br>\u00bbNisem vedel, da lahko brez glutena jem tako dobro! Recepti so preprosti, zdravi in primerni tudi za za\u010detnike. Blog priporo\u010dam vsem, ki \u017eelijo jesti bolj \u010disto in zdravo.\u00ab<\/p>\n\n\n\n<hr class=\"wp-block-separator has-alpha-channel-opacity\"\/>\n\n\n\n<p><strong>4. Ana, 41 let:<\/strong><br>\u00bbV\u0161e\u010d mi je, da blog ne ponuja samo receptov, ampak tudi nasvete o zdravem \u017eivljenju. Hrana brez glutena in laktoze mi je pomagala pri prebavi in imam ve\u010d energije \u010dez dan.\u00ab<\/p>\n\n\n\n<hr class=\"wp-block-separator has-alpha-channel-opacity\"\/>\n\n\n\n<p><strong>5. Sara, 18 let:<\/strong><br>\u00bbZaradi intolerance na laktozo sem morala popolnoma spremeniti prehrano. Ta blog mi je olaj\u0161al \u017eivljenje! Jedi so enostavne, barvite in polne okusov \u2013 ni ob\u010dutka, da kaj pogre\u0161am.\u00ab <\/p>\n\n\n\t<div id=\"respond\" class=\"comment-respond wp-block-post-comments-form\">\n\t\t<h3 id=\"reply-title\" class=\"comment-reply-title\">Leave a Reply <small><a rel=\"nofollow\" id=\"cancel-comment-reply-link\" href=\"\/index.php?rest_route=%2Fwp%2Fv2%2Fpages%2F160#respond\" style=\"display:none;\">Cancel reply<\/a><\/small><\/h3><form action=\"https:\/\/web31251247.lab1.almamater.si\/wp-comments-post.php\" method=\"post\" id=\"commentform\" class=\"comment-form\"><p class=\"comment-notes\"><span id=\"email-notes\">Your email address will not be published.<\/span> <span class=\"required-field-message\">Required fields are marked <span class=\"required\">*<\/span><\/span><\/p><p class=\"comment-form-comment\"><label for=\"comment\">Comment <span class=\"required\">*<\/span><\/label> <textarea id=\"comment\" name=\"comment\" cols=\"45\" rows=\"8\" maxlength=\"65525\" required><\/textarea><\/p><p class=\"comment-form-author\"><label for=\"author\">Name <span class=\"required\">*<\/span><\/label> <input id=\"author\" name=\"author\" type=\"text\" value=\"\" size=\"30\" maxlength=\"245\" autocomplete=\"name\" required \/><\/p>\n<p class=\"comment-form-email\"><label for=\"email\">Email <span class=\"required\">*<\/span><\/label> <input id=\"email\" name=\"email\" type=\"email\" value=\"\" size=\"30\" maxlength=\"100\" aria-describedby=\"email-notes\" autocomplete=\"email\" required \/><\/p>\n<p class=\"comment-form-url\"><label for=\"url\">Website<\/label> <input id=\"url\" name=\"url\" type=\"url\" value=\"\" size=\"30\" maxlength=\"200\" autocomplete=\"url\" \/><\/p>\n<p class=\"comment-form-cookies-consent\"><input id=\"wp-comment-cookies-consent\" name=\"wp-comment-cookies-consent\" type=\"checkbox\" value=\"yes\" \/> <label for=\"wp-comment-cookies-consent\">Save my name, email, and website in this browser for the next time I comment.<\/label><\/p>\n<p class=\"form-submit wp-block-button\"><input name=\"submit\" type=\"submit\" id=\"submit\" class=\"wp-block-button__link wp-element-button\" value=\"Post Comment\" \/> <input type='hidden' name='comment_post_ID' value='160' id='comment_post_ID' \/>\n<input type='hidden' name='comment_parent' id='comment_parent' value='0' \/>\n<\/p><p style=\"display: none !important;\" class=\"akismet-fields-container\" data-prefix=\"ak_\"><label>&#916;<textarea name=\"ak_hp_textarea\" cols=\"45\" rows=\"8\" maxlength=\"100\"><\/textarea><\/label><input type=\"hidden\" id=\"ak_js_1\" name=\"ak_js\" value=\"158\"\/><script>document.getElementById( \"ak_js_1\" ).setAttribute( \"value\", ( new Date() ).getTime() );<\/script><\/p><\/form>\t<\/div><!-- #respond -->\n\t\n\n\n<p><\/p>\n","protected":false},"excerpt":{"rendered":"<p>1. Maja, 29 let:\u00bbKon\u010dno blog, kjer so recepti brez glutena in laktoze, pa \u0161e res okusni! V\u0161e\u010d mi je, da so sestavine preproste in zdrave. Po teh obrokih se po\u010dutim lahkotno in polno energije.\u00ab 2. Tanja, 35 let:\u00bb\u017de dolgo i\u0161\u010dem ideje za zdrave obroke, ki ne vsebujejo mle\u010dnih izdelkov. Na tem blogu sem na\u0161la popolne [&hellip;]<\/p>\n","protected":false},"author":1,"featured_media":0,"parent":0,"menu_order":0,"comment_status":"open","ping_status":"closed","template":"","meta":{"footnotes":""},"class_list":["post-160","page","type-page","status-publish","hentry"],"_links":{"self":[{"href":"https:\/\/web31251247.lab1.almamater.si\/index.php?rest_route=\/wp\/v2\/pages\/160","targetHints":{"allow":["GET"]}}],"collection":[{"href":"https:\/\/web31251247.lab1.almamater.si\/index.php?rest_route=\/wp\/v2\/pages"}],"about":[{"href":"https:\/\/web31251247.lab1.almamater.si\/index.php?rest_route=\/wp\/v2\/types\/page"}],"author":[{"embeddable":true,"href":"https:\/\/web31251247.lab1.almamater.si\/index.php?rest_route=\/wp\/v2\/users\/1"}],"replies":[{"embeddable":true,"href":"https:\/\/web31251247.lab1.almamater.si\/index.php?rest_route=%2Fwp%2Fv2%2Fcomments&post=160"}],"version-history":[{"count":3,"href":"https:\/\/web31251247.lab1.almamater.si\/index.php?rest_route=\/wp\/v2\/pages\/160\/revisions"}],"predecessor-version":[{"id":178,"href":"https:\/\/web31251247.lab1.almamater.si\/index.php?rest_route=\/wp\/v2\/pages\/160\/revisions\/178"}],"wp:attachment":[{"href":"https:\/\/web31251247.lab1.almamater.si\/index.php?rest_route=%2Fwp%2Fv2%2Fmedia&parent=160"}],"curies":[{"name":"wp","href":"https:\/\/api.w.org\/{rel}","templated":true}]}}